{"id":765,"date":"2025-06-05T05:41:29","date_gmt":"2025-06-05T05:41:29","guid":{"rendered":"https:\/\/mobinest.eu\/accueil\/"},"modified":"2025-06-26T06:42:00","modified_gmt":"2025-06-26T06:42:00","slug":"accueil","status":"publish","type":"page","link":"https:\/\/mobinest.eu\/fr\/","title":{"rendered":"Accueil"},"content":{"rendered":"<section class=\"l-section wpb_row height_large width_custom color_alternate\" style=\"--site-content-width:1000px;\"><div class=\"l-section-h i-cf\"><div class=\"g-cols vc_row via_grid cols_1 laptops-cols_inherit tablets-cols_inherit mobiles-cols_1 valign_top type_default stacking_default\"><div class=\"wpb_column vc_column_container\"><div class=\"vc_column-inner\"><h1 class=\"w-text us_custom_eb849559\"><span class=\"w-text-h\"><span class=\"w-text-value\">D\u00e9couvrez MOBINEST, la base de votre repos en plein air.<\/span><\/span><\/h1><div class=\"w-separator size_small\"><\/div><div class=\"wpb_text_column us_custom_56be11f6 has_text_color\"><div class=\"wpb_wrapper\"><p>Transport facile, repos sain, adaptable \u00e0 votre vie en plein air.<\/p>\n<\/div><\/div><\/div><\/div><\/div><\/div><\/section><section class=\"l-section wpb_row height_auto width_full color_alternate\"><div class=\"l-section-h i-cf\"><div class=\"g-cols vc_row via_grid cols_1 laptops-cols_inherit tablets-cols_inherit mobiles-cols_1 valign_top type_default stacking_default\"><div class=\"wpb_column vc_column_container\"><div class=\"vc_column-inner\"><div class=\"g-cols wpb_row us_custom_e4bc1fd0 via_grid cols_4 laptops-cols_inherit tablets-cols_inherit mobiles-cols_1 valign_top type_default stacking_default\" style=\"--columns-gap:3rem;\"><div class=\"wpb_column vc_column_container\"><div class=\"vc_column-inner\"><\/div><\/div><div class=\"wpb_column vc_column_container\"><div class=\"vc_column-inner\"><div class=\"w-btn-wrapper align_justify\"><a class=\"w-btn us-btn-style_4\" href=\"https:\/\/mobinest.eu\/fr\/velo-mobinest\/\"><span class=\"w-btn-label\">V\u00e9lo MOBINEST<\/span><\/a><\/div><\/div><\/div><div class=\"wpb_column vc_column_container\"><div class=\"vc_column-inner\"><div class=\"w-btn-wrapper align_justify\"><a class=\"w-btn us-btn-style_1\" href=\"https:\/\/mobinest.eu\/fr\/camp-mobinest\/\"><span class=\"w-btn-label\">Camp MOBINEST<\/span><\/a><\/div><\/div><\/div><div class=\"wpb_column vc_column_container\"><div class=\"vc_column-inner\"><\/div><\/div><\/div><div class=\"w-separator size_huge\"><\/div><div class=\"w-gallery fit_cover type_grid ratio_1x1 count_6\" style=\"--columns:6;--items-gap:3px;\"><div class=\"w-gallery-list\"><div class=\"w-gallery-item\"><div class=\"w-gallery-item-img\"><img loading=\"lazy\" decoding=\"async\" width=\"1000\" height=\"1000\" src=\"https:\/\/mobinest.eu\/wp-content\/uploads\/2025\/06\/home01.png\" class=\"attachment-large size-large\" alt=\"\" srcset=\"https:\/\/mobinest.eu\/wp-content\/uploads\/2025\/06\/home01.png 1000w, https:\/\/mobinest.eu\/wp-content\/uploads\/2025\/06\/home01-300x300.png 300w, https:\/\/mobinest.eu\/wp-content\/uploads\/2025\/06\/home01-150x150.png 150w, https:\/\/mobinest.eu\/wp-content\/uploads\/2025\/06\/home01-240x240.png 240w\" sizes=\"auto, (max-width: 1000px) 100vw, 1000px\" \/><\/div><\/div><div class=\"w-gallery-item\"><div class=\"w-gallery-item-img\"><img loading=\"lazy\" decoding=\"async\" width=\"1000\" height=\"1000\" src=\"https:\/\/mobinest.eu\/wp-content\/uploads\/2025\/06\/tenda_fonsgris.jpg\" class=\"attachment-large size-large\" alt=\"\" srcset=\"https:\/\/mobinest.eu\/wp-content\/uploads\/2025\/06\/tenda_fonsgris.jpg 1000w, https:\/\/mobinest.eu\/wp-content\/uploads\/2025\/06\/tenda_fonsgris-300x300.jpg 300w, https:\/\/mobinest.eu\/wp-content\/uploads\/2025\/06\/tenda_fonsgris-150x150.jpg 150w, https:\/\/mobinest.eu\/wp-content\/uploads\/2025\/06\/tenda_fonsgris-240x240.jpg 240w\" sizes=\"auto, (max-width: 1000px) 100vw, 1000px\" \/><\/div><\/div><div class=\"w-gallery-item\"><div class=\"w-gallery-item-img\"><img loading=\"lazy\" decoding=\"async\" width=\"1000\" height=\"1000\" src=\"https:\/\/mobinest.eu\/wp-content\/uploads\/2025\/06\/home03.png\" class=\"attachment-large size-large\" alt=\"\" srcset=\"https:\/\/mobinest.eu\/wp-content\/uploads\/2025\/06\/home03.png 1000w, https:\/\/mobinest.eu\/wp-content\/uploads\/2025\/06\/home03-300x300.png 300w, https:\/\/mobinest.eu\/wp-content\/uploads\/2025\/06\/home03-150x150.png 150w, https:\/\/mobinest.eu\/wp-content\/uploads\/2025\/06\/home03-240x240.png 240w\" sizes=\"auto, (max-width: 1000px) 100vw, 1000px\" \/><\/div><\/div><div class=\"w-gallery-item\"><div class=\"w-gallery-item-img\"><img loading=\"lazy\" decoding=\"async\" width=\"1000\" height=\"1000\" src=\"https:\/\/mobinest.eu\/wp-content\/uploads\/2025\/06\/home04.png\" class=\"attachment-large size-large\" alt=\"\" srcset=\"https:\/\/mobinest.eu\/wp-content\/uploads\/2025\/06\/home04.png 1000w, https:\/\/mobinest.eu\/wp-content\/uploads\/2025\/06\/home04-300x300.png 300w, https:\/\/mobinest.eu\/wp-content\/uploads\/2025\/06\/home04-150x150.png 150w, https:\/\/mobinest.eu\/wp-content\/uploads\/2025\/06\/home04-240x240.png 240w\" sizes=\"auto, (max-width: 1000px) 100vw, 1000px\" \/><\/div><\/div><div class=\"w-gallery-item\"><div class=\"w-gallery-item-img\"><img loading=\"lazy\" decoding=\"async\" width=\"1000\" height=\"1000\" src=\"https:\/\/mobinest.eu\/wp-content\/uploads\/2025\/06\/detall_home_gris.jpg\" class=\"attachment-large size-large\" alt=\"\" srcset=\"https:\/\/mobinest.eu\/wp-content\/uploads\/2025\/06\/detall_home_gris.jpg 1000w, https:\/\/mobinest.eu\/wp-content\/uploads\/2025\/06\/detall_home_gris-300x300.jpg 300w, https:\/\/mobinest.eu\/wp-content\/uploads\/2025\/06\/detall_home_gris-150x150.jpg 150w, https:\/\/mobinest.eu\/wp-content\/uploads\/2025\/06\/detall_home_gris-240x240.jpg 240w\" sizes=\"auto, (max-width: 1000px) 100vw, 1000px\" \/><\/div><\/div><div class=\"w-gallery-item\"><div class=\"w-gallery-item-img\"><img loading=\"lazy\" decoding=\"async\" width=\"1000\" height=\"1000\" src=\"https:\/\/mobinest.eu\/wp-content\/uploads\/2025\/06\/home06.png\" class=\"attachment-large size-large\" alt=\"\" srcset=\"https:\/\/mobinest.eu\/wp-content\/uploads\/2025\/06\/home06.png 1000w, https:\/\/mobinest.eu\/wp-content\/uploads\/2025\/06\/home06-300x300.png 300w, https:\/\/mobinest.eu\/wp-content\/uploads\/2025\/06\/home06-150x150.png 150w, https:\/\/mobinest.eu\/wp-content\/uploads\/2025\/06\/home06-240x240.png 240w\" sizes=\"auto, (max-width: 1000px) 100vw, 1000px\" \/><\/div><\/div><\/div><\/div><div class=\"w-separator size_huge\"><\/div><\/div><\/div><\/div><\/div><\/section>\n","protected":false},"excerpt":{"rendered":"D\u00e9couvrez MOBINEST, la base de votre repos en plein air.Transport facile, repos sain, adaptable \u00e0 votre vie en plein air. V\u00e9lo MOBINESTCamp MOBINEST","protected":false},"author":1,"featured_media":0,"parent":0,"menu_order":1,"comment_status":"closed","ping_status":"open","template":"","meta":{"footnotes":""},"class_list":["post-765","page","type-page","status-publish","hentry"],"_links":{"self":[{"href":"https:\/\/mobinest.eu\/fr\/wp-json\/wp\/v2\/pages\/765","targetHints":{"allow":["GET"]}}],"collection":[{"href":"https:\/\/mobinest.eu\/fr\/wp-json\/wp\/v2\/pages"}],"about":[{"href":"https:\/\/mobinest.eu\/fr\/wp-json\/wp\/v2\/types\/page"}],"author":[{"embeddable":true,"href":"https:\/\/mobinest.eu\/fr\/wp-json\/wp\/v2\/users\/1"}],"replies":[{"embeddable":true,"href":"https:\/\/mobinest.eu\/fr\/wp-json\/wp\/v2\/comments?post=765"}],"version-history":[{"count":4,"href":"https:\/\/mobinest.eu\/fr\/wp-json\/wp\/v2\/pages\/765\/revisions"}],"predecessor-version":[{"id":1032,"href":"https:\/\/mobinest.eu\/fr\/wp-json\/wp\/v2\/pages\/765\/revisions\/1032"}],"wp:attachment":[{"href":"https:\/\/mobinest.eu\/fr\/wp-json\/wp\/v2\/media?parent=765"}],"curies":[{"name":"wp","href":"https:\/\/api.w.org\/{rel}","templated":true}]}}